{"id":13902,"date":"2024-08-20T13:12:29","date_gmt":"2024-08-20T13:12:29","guid":{"rendered":"https:\/\/vivi.it\/?page_id=13902"},"modified":"2026-03-08T19:29:24","modified_gmt":"2026-03-08T19:29:24","slug":"vivi-people","status":"publish","type":"page","link":"https:\/\/vivi.it\/en\/vivi-people\/","title":{"rendered":"VIVI &#8211; People"},"content":{"rendered":"<div id=\"pl-gb13902-69e910fe57c34\"  class=\"panel-layout\" ><div id=\"pg-gb13902-69e910fe57c34-0\"  class=\"panel-grid panel-has-style has-bg-image cell-center has-bg-image cell-center\" ><div class=\"big siteorigin-panels-stretch panel-row-style panel-row-style-for-gb13902-69e910fe57c34-0\" data-stretch-type=\"full\" ><div class=\"so-panels-full-wrapper\" ><div id=\"pgc-gb13902-69e910fe57c34-0-0\"  class=\"panel-grid-cell\" ><div id=\"panel-gb13902-69e910fe57c34-0-0-0\" class=\"so-panel widget widget_sow-editor panel-first-child\" data-index=\"0\" ><div class=\"gsap-widget-entrance fade-in y bottom panel-widget-style panel-widget-style-for-gb13902-69e910fe57c34-0-0-0\" data-gsap_effect=\"fade-in\" data-gsap_direction=\"y\" data-gsap_amount=\"50\" ><div\n\t\t\t\n\t\t\tclass=\"so-widget-sow-editor so-widget-sow-editor-base\"\n\t\t\t\n\t\t>\n<div class=\"siteorigin-widget-tinymce textwidget\">\n\t<h2 style=\"text-align: center;\">VIVI People<\/h2>\n<\/div>\n<\/div><\/div><\/div><div id=\"panel-gb13902-69e910fe57c34-0-0-1\" class=\"so-panel widget widget_siteorigin-panels-builder panel-last-child\" data-index=\"1\" ><div id=\"pl-w66c495be3d463\"  class=\"panel-layout\" ><div id=\"pg-w66c495be3d463-0\"  class=\"panel-grid panel-has-style cell-flex-start cell-flex-start\" ><div class=\"inline-row text-center hero-buttons panel-row-style panel-row-style-for-w66c495be3d463-0\" ><div id=\"pgc-w66c495be3d463-0-0\"  class=\"panel-grid-cell\" ><div id=\"panel-w66c495be3d463-0-0-0\" class=\"so-panel widget widget_sow-button panel-first-child panel-last-child\" data-index=\"0\" ><div class=\"gsap-widget-entrance fade-in y bottom panel-widget-style panel-widget-style-for-w66c495be3d463-0-0-0\" data-gsap_effect=\"fade-in\" data-gsap_direction=\"y\" data-gsap_amount=\"50\" ><div\n\t\t\t\n\t\t\tclass=\"so-widget-sow-button so-widget-sow-button-flat-66466acb9e12\"\n\t\t\t\n\t\t><div class=\"ow-button-base ow-button-align-center\"\n>\n\t\t\t<a\n\t\t\t\t\thref=\"https:\/\/vivi.it\/v2\/lavora-con-noi\/\"\n\t\t\t\t\tclass=\"sowb-button ow-icon-placement-left ow-button-hover\" \t>\n\t\t<span>\n\t\t\t\n\t\t\tentra a far parte del team\t\t<\/span>\n\t\t\t<\/a>\n\t<\/div>\n<\/div><\/div><\/div><\/div><\/div><\/div><\/div><\/div><\/div><\/div><\/div><\/div><div id=\"pg-gb13902-69e910fe57c34-1\"  class=\"panel-grid panel-has-style has-bg-color cell-center has-bg-color cell-center\" ><div class=\"siteorigin-panels-stretch panel-row-style panel-row-style-for-gb13902-69e910fe57c34-1\" data-stretch-type=\"full\" ><div class=\"so-panels-full-wrapper\" ><div id=\"pgc-gb13902-69e910fe57c34-1-0\"  class=\"panel-grid-cell\" ><div id=\"panel-gb13902-69e910fe57c34-1-0-0\" class=\"so-panel widget widget_sow-editor panel-first-child panel-last-child\" data-index=\"2\" ><div class=\"fluid gsap-widget-entrance fade-in x left panel-widget-style panel-widget-style-for-gb13902-69e910fe57c34-1-0-0\" data-gsap_effect=\"fade-in\" data-gsap_direction=\"x\" data-gsap_amount=\"-50\" ><div\n\t\t\t\n\t\t\tclass=\"so-widget-sow-editor so-widget-sow-editor-base\"\n\t\t\t\n\t\t>\n<div class=\"siteorigin-widget-tinymce textwidget\">\n\t<h2>il<br \/>\nTEAM<br \/>\nViVi<\/h2>\n<p>&nbsp;<\/p>\n<p>&nbsp;<\/p>\n<\/div>\n<\/div><\/div><\/div><\/div><div id=\"pgc-gb13902-69e910fe57c34-1-1\"  class=\"panel-grid-cell\" ><div id=\"panel-gb13902-69e910fe57c34-1-1-0\" class=\"so-panel widget widget_sow-editor panel-first-child panel-last-child\" data-index=\"3\" ><div class=\"gsap-widget-entrance fade-in y bottom panel-widget-style panel-widget-style-for-gb13902-69e910fe57c34-1-1-0\" data-gsap_effect=\"fade-in\" data-gsap_direction=\"y\" data-gsap_amount=\"50\" ><div\n\t\t\t\n\t\t\tclass=\"so-widget-sow-editor so-widget-sow-editor-base\"\n\t\t\t\n\t\t>\n<div class=\"siteorigin-widget-tinymce textwidget\">\n\t<h4>MULTI-CULTURALE<\/h4>\n<p>Da tutto il mondo<\/p>\n<\/div>\n<\/div><\/div><\/div><\/div><div id=\"pgc-gb13902-69e910fe57c34-1-2\"  class=\"panel-grid-cell\" ><div id=\"panel-gb13902-69e910fe57c34-1-2-0\" class=\"so-panel widget widget_sow-editor panel-first-child panel-last-child\" data-index=\"4\" ><div class=\"gsap-widget-entrance fade-in y bottom panel-widget-style panel-widget-style-for-gb13902-69e910fe57c34-1-2-0\" data-gsap_effect=\"fade-in\" data-gsap_direction=\"y\" data-gsap_amount=\"50\" ><div\n\t\t\t\n\t\t\tclass=\"so-widget-sow-editor so-widget-sow-editor-base\"\n\t\t\t\n\t\t>\n<div class=\"siteorigin-widget-tinymce textwidget\">\n\t<h4>FEMMINILE<\/h4>\n<p>Il 51% dei dipendenti \u00e8 infatti una donna<\/p>\n<\/div>\n<\/div><\/div><\/div><\/div><div id=\"pgc-gb13902-69e910fe57c34-1-3\"  class=\"panel-grid-cell\" ><div id=\"panel-gb13902-69e910fe57c34-1-3-0\" class=\"so-panel widget widget_sow-editor panel-first-child panel-last-child\" data-index=\"5\" ><div class=\"gsap-widget-entrance fade-in y bottom panel-widget-style panel-widget-style-for-gb13902-69e910fe57c34-1-3-0\" data-gsap_effect=\"fade-in\" data-gsap_direction=\"y\" data-gsap_amount=\"50\" ><div\n\t\t\t\n\t\t\tclass=\"so-widget-sow-editor so-widget-sow-editor-base\"\n\t\t\t\n\t\t>\n<div class=\"siteorigin-widget-tinymce textwidget\">\n\t<h4>INCLUSIVO<\/h4>\n<p>Grazie a progetti speciali come Seconda Chance!<\/p>\n<\/div>\n<\/div><\/div><\/div><\/div><\/div><\/div><\/div><div id=\"pg-gb13902-69e910fe57c34-2\"  class=\"panel-grid panel-has-style cell-flex-start cell-flex-start\" ><div class=\"siteorigin-panels-stretch panel-row-style panel-row-style-for-gb13902-69e910fe57c34-2\" data-stretch-type=\"full-width-stretch\" ><div id=\"pgc-gb13902-69e910fe57c34-2-0\"  class=\"panel-grid-cell\" ><div id=\"panel-gb13902-69e910fe57c34-2-0-0\" class=\"so-panel widget widget_se-ticker-widget panel-first-child panel-last-child\" data-index=\"6\" ><div\n\t\t\t\n\t\t\tclass=\"so-widget-se-ticker-widget so-widget-se-ticker-widget-default-d75171398898-13902\"\n\t\t\t\n\t\t>\r\n<div class=\"se-ticker-widget\">\r\n    <div class=\"ticker-inner\">\r\n              <div class=\"ticker-item\">\r\n          <p>FRESH<\/p>\r\n        <\/div>\r\n              <div class=\"ticker-item\">\r\n          <p>DELICIOUS<\/p>\r\n        <\/div>\r\n              <div class=\"ticker-item\">\r\n          <p>B CORP<\/p>\r\n        <\/div>\r\n              <div class=\"ticker-item\">\r\n          <p>JUICY<\/p>\r\n        <\/div>\r\n              <div class=\"ticker-item\">\r\n          <p>COLORFUL<\/p>\r\n        <\/div>\r\n              <div class=\"ticker-item\">\r\n          <p>CAREFULLY SELECTED<\/p>\r\n        <\/div>\r\n              <div class=\"ticker-item\">\r\n          <p>VEG FRIENDLY<\/p>\r\n        <\/div>\r\n              <div class=\"ticker-item\">\r\n          <p>PLANT BASED<\/p>\r\n        <\/div>\r\n              <div class=\"ticker-item\">\r\n          <p>IRRESISTIBLE<\/p>\r\n        <\/div>\r\n              <div class=\"ticker-item\">\r\n          <p>FRESH<\/p>\r\n        <\/div>\r\n              <div class=\"ticker-item\">\r\n          <p>DELICIOUS<\/p>\r\n        <\/div>\r\n              <div class=\"ticker-item\">\r\n          <p>B CORP<\/p>\r\n        <\/div>\r\n              <div class=\"ticker-item\">\r\n          <p>JUICY<\/p>\r\n        <\/div>\r\n              <div class=\"ticker-item\">\r\n          <p>COLORFUL<\/p>\r\n        <\/div>\r\n              <div class=\"ticker-item\">\r\n          <p>CAREFULLY SELECTED<\/p>\r\n        <\/div>\r\n              <div class=\"ticker-item\">\r\n          <p>VEG FRIENDLY<\/p>\r\n        <\/div>\r\n              <div class=\"ticker-item\">\r\n          <p>PLANT BASED<\/p>\r\n        <\/div>\r\n              <div class=\"ticker-item\">\r\n          <p>IRRESISTIBLE<\/p>\r\n        <\/div>\r\n          <\/div>\r\n<\/div>\r\n<\/div><\/div><\/div><\/div><\/div><div id=\"pg-gb13902-69e910fe57c34-3\"  class=\"panel-grid panel-has-style cell-flex-start cell-flex-start\" ><div class=\"siteorigin-panels-stretch panel-row-style panel-row-style-for-gb13902-69e910fe57c34-3\" data-stretch-type=\"full-width-stretch\" ><div id=\"pgc-gb13902-69e910fe57c34-3-0\"  class=\"panel-grid-cell\" ><div id=\"panel-gb13902-69e910fe57c34-3-0-0\" class=\"so-panel widget widget_sow-editor panel-first-child panel-last-child\" data-index=\"7\" ><div\n\t\t\t\n\t\t\tclass=\"so-widget-sow-editor so-widget-sow-editor-base\"\n\t\t\t\n\t\t>\n<div class=\"siteorigin-widget-tinymce textwidget\">\n\t<p>&nbsp;<\/p>\n<div class='wrapped-gallery'><div id='gallery-1' class='gallery galleryid-0 gallery-columns-4 gallery-size-square-thumb'><figure class='gallery-item'>\r\n      <div class='gallery-icon landscape'>\r\n        <a href='https:\/\/vivi.it\/v2\/wp-content\/uploads\/2024\/08\/IMGL9479.jpg' rel=\"lightbox[13902]\"><img loading=\"lazy\" decoding=\"async\" width=\"480\" height=\"480\" src=\"https:\/\/vivi.it\/v2\/wp-content\/uploads\/2024\/08\/IMGL9479-480x480.jpg\" class=\"attachment-square-thumb size-square-thumb\" alt=\"\" srcset=\"https:\/\/vivi.it\/v2\/wp-content\/uploads\/2024\/08\/IMGL9479-480x480.jpg 480w, https:\/\/vivi.it\/v2\/wp-content\/uploads\/2024\/08\/IMGL9479-150x150.jpg 150w, https:\/\/vivi.it\/v2\/wp-content\/uploads\/2024\/08\/IMGL9479-250x250.jpg 250w\" sizes=\"auto, (max-width: 480px) 100vw, 480px\" \/><\/a>\r\n      <\/div><\/figure><figure class='gallery-item'>\r\n      <div class='gallery-icon portrait'>\r\n        <a href='https:\/\/vivi.it\/v2\/wp-content\/uploads\/2024\/08\/IMG_6018-5-scaled.jpg' rel=\"lightbox[13902]\"><img loading=\"lazy\" decoding=\"async\" width=\"480\" height=\"480\" src=\"https:\/\/vivi.it\/v2\/wp-content\/uploads\/2024\/08\/IMG_6018-5-480x480.jpg\" class=\"attachment-square-thumb size-square-thumb\" alt=\"\" srcset=\"https:\/\/vivi.it\/v2\/wp-content\/uploads\/2024\/08\/IMG_6018-5-480x480.jpg 480w, https:\/\/vivi.it\/v2\/wp-content\/uploads\/2024\/08\/IMG_6018-5-150x150.jpg 150w, https:\/\/vivi.it\/v2\/wp-content\/uploads\/2024\/08\/IMG_6018-5-250x250.jpg 250w\" sizes=\"auto, (max-width: 480px) 100vw, 480px\" \/><\/a>\r\n      <\/div><\/figure><figure class='gallery-item'>\r\n      <div class='gallery-icon portrait'>\r\n        <a href='https:\/\/vivi.it\/v2\/wp-content\/uploads\/2024\/08\/32A39EE6-8C20-4DF2-BBAA-19D7B3516E1B-1.jpg' rel=\"lightbox[13902]\"><img loading=\"lazy\" decoding=\"async\" width=\"480\" height=\"480\" src=\"https:\/\/vivi.it\/v2\/wp-content\/uploads\/2024\/08\/32A39EE6-8C20-4DF2-BBAA-19D7B3516E1B-1-480x480.jpg\" class=\"attachment-square-thumb size-square-thumb\" alt=\"\" srcset=\"https:\/\/vivi.it\/v2\/wp-content\/uploads\/2024\/08\/32A39EE6-8C20-4DF2-BBAA-19D7B3516E1B-1-480x480.jpg 480w, https:\/\/vivi.it\/v2\/wp-content\/uploads\/2024\/08\/32A39EE6-8C20-4DF2-BBAA-19D7B3516E1B-1-150x150.jpg 150w, https:\/\/vivi.it\/v2\/wp-content\/uploads\/2024\/08\/32A39EE6-8C20-4DF2-BBAA-19D7B3516E1B-1-250x250.jpg 250w\" sizes=\"auto, (max-width: 480px) 100vw, 480px\" \/><\/a>\r\n      <\/div><\/figure><figure class='gallery-item'>\r\n      <div class='gallery-icon portrait'>\r\n        <a href='https:\/\/vivi.it\/v2\/wp-content\/uploads\/2024\/08\/IMG_5643-3.jpg' rel=\"lightbox[13902]\"><img loading=\"lazy\" decoding=\"async\" width=\"480\" height=\"480\" src=\"https:\/\/vivi.it\/v2\/wp-content\/uploads\/2024\/08\/IMG_5643-3-480x480.jpg\" class=\"attachment-square-thumb size-square-thumb\" alt=\"\" srcset=\"https:\/\/vivi.it\/v2\/wp-content\/uploads\/2024\/08\/IMG_5643-3-480x480.jpg 480w, https:\/\/vivi.it\/v2\/wp-content\/uploads\/2024\/08\/IMG_5643-3-150x150.jpg 150w, https:\/\/vivi.it\/v2\/wp-content\/uploads\/2024\/08\/IMG_5643-3-250x250.jpg 250w\" sizes=\"auto, (max-width: 480px) 100vw, 480px\" \/><\/a>\r\n      <\/div><\/figure><figure class='gallery-item'>\r\n      <div class='gallery-icon portrait'>\r\n        <a href='https:\/\/vivi.it\/v2\/wp-content\/uploads\/2024\/08\/IMG_6206-2-scaled.jpg' rel=\"lightbox[13902]\"><img loading=\"lazy\" decoding=\"async\" width=\"480\" height=\"480\" src=\"https:\/\/vivi.it\/v2\/wp-content\/uploads\/2024\/08\/IMG_6206-2-480x480.jpg\" class=\"attachment-square-thumb size-square-thumb\" alt=\"\" srcset=\"https:\/\/vivi.it\/v2\/wp-content\/uploads\/2024\/08\/IMG_6206-2-480x480.jpg 480w, https:\/\/vivi.it\/v2\/wp-content\/uploads\/2024\/08\/IMG_6206-2-150x150.jpg 150w, https:\/\/vivi.it\/v2\/wp-content\/uploads\/2024\/08\/IMG_6206-2-250x250.jpg 250w\" sizes=\"auto, (max-width: 480px) 100vw, 480px\" \/><\/a>\r\n      <\/div><\/figure><figure class='gallery-item'>\r\n      <div class='gallery-icon portrait'>\r\n        <a href='https:\/\/vivi.it\/v2\/wp-content\/uploads\/2024\/08\/IMG_3771.jpg' rel=\"lightbox[13902]\"><img loading=\"lazy\" decoding=\"async\" width=\"480\" height=\"480\" src=\"https:\/\/vivi.it\/v2\/wp-content\/uploads\/2024\/08\/IMG_3771-480x480.jpg\" class=\"attachment-square-thumb size-square-thumb\" alt=\"\" srcset=\"https:\/\/vivi.it\/v2\/wp-content\/uploads\/2024\/08\/IMG_3771-480x480.jpg 480w, https:\/\/vivi.it\/v2\/wp-content\/uploads\/2024\/08\/IMG_3771-150x150.jpg 150w, https:\/\/vivi.it\/v2\/wp-content\/uploads\/2024\/08\/IMG_3771-250x250.jpg 250w\" sizes=\"auto, (max-width: 480px) 100vw, 480px\" \/><\/a>\r\n      <\/div><\/figure><figure class='gallery-item'>\r\n      <div class='gallery-icon portrait'>\r\n        <a href='https:\/\/vivi.it\/v2\/wp-content\/uploads\/2024\/08\/IMG_5644-3.jpg' rel=\"lightbox[13902]\"><img loading=\"lazy\" decoding=\"async\" width=\"480\" height=\"480\" src=\"https:\/\/vivi.it\/v2\/wp-content\/uploads\/2024\/08\/IMG_5644-3-480x480.jpg\" class=\"attachment-square-thumb size-square-thumb\" alt=\"\" srcset=\"https:\/\/vivi.it\/v2\/wp-content\/uploads\/2024\/08\/IMG_5644-3-480x480.jpg 480w, https:\/\/vivi.it\/v2\/wp-content\/uploads\/2024\/08\/IMG_5644-3-150x150.jpg 150w, https:\/\/vivi.it\/v2\/wp-content\/uploads\/2024\/08\/IMG_5644-3-250x250.jpg 250w\" sizes=\"auto, (max-width: 480px) 100vw, 480px\" \/><\/a>\r\n      <\/div><\/figure><figure class='gallery-item'>\r\n      <div class='gallery-icon landscape'>\r\n        <a href='https:\/\/vivi.it\/v2\/wp-content\/uploads\/2024\/08\/IMG_6029-2-scaled.jpg' rel=\"lightbox[13902]\"><img loading=\"lazy\" decoding=\"async\" width=\"480\" height=\"480\" src=\"https:\/\/vivi.it\/v2\/wp-content\/uploads\/2024\/08\/IMG_6029-2-480x480.jpg\" class=\"attachment-square-thumb size-square-thumb\" alt=\"\" srcset=\"https:\/\/vivi.it\/v2\/wp-content\/uploads\/2024\/08\/IMG_6029-2-480x480.jpg 480w, https:\/\/vivi.it\/v2\/wp-content\/uploads\/2024\/08\/IMG_6029-2-150x150.jpg 150w, https:\/\/vivi.it\/v2\/wp-content\/uploads\/2024\/08\/IMG_6029-2-250x250.jpg 250w\" sizes=\"auto, (max-width: 480px) 100vw, 480px\" \/><\/a>\r\n      <\/div><\/figure>\r\n    <\/div><\/div>\n\n<\/div>\n<\/div><\/div><\/div><\/div><\/div><div id=\"pg-gb13902-69e910fe57c34-4\"  class=\"panel-grid panel-has-style has-bg-color cell-center has-bg-color cell-center\" ><div class=\"description-row siteorigin-panels-stretch panel-row-style panel-row-style-for-gb13902-69e910fe57c34-4\" data-stretch-type=\"full\" ><div class=\"so-panels-full-wrapper\" ><div id=\"pgc-gb13902-69e910fe57c34-4-0\"  class=\"panel-grid-cell\" ><div id=\"panel-gb13902-69e910fe57c34-4-0-0\" class=\"so-panel widget widget_sow-editor panel-first-child panel-last-child\" data-index=\"8\" ><div class=\"big gsap-widget-entrance fade-in x left panel-widget-style panel-widget-style-for-gb13902-69e910fe57c34-4-0-0\" data-gsap_effect=\"fade-in\" data-gsap_direction=\"x\" data-gsap_amount=\"-50\" ><div\n\t\t\t\n\t\t\tclass=\"so-widget-sow-editor so-widget-sow-editor-base\"\n\t\t\t\n\t\t>\n<div class=\"siteorigin-widget-tinymce textwidget\">\n\t<h2>IL NOSTRO PERSONALE<\/h2>\n<\/div>\n<\/div><\/div><\/div><\/div><div id=\"pgc-gb13902-69e910fe57c34-4-1\"  class=\"panel-grid-cell\" ><div id=\"panel-gb13902-69e910fe57c34-4-1-0\" class=\"so-panel widget widget_sow-editor panel-first-child\" data-index=\"9\" ><div class=\"butterfly-1 gsap-widget-entrance fade-in y bottom panel-widget-style panel-widget-style-for-gb13902-69e910fe57c34-4-1-0\" data-gsap_effect=\"fade-in\" data-gsap_direction=\"y\" data-gsap_amount=\"50\" ><div\n\t\t\t\n\t\t\tclass=\"so-widget-sow-editor so-widget-sow-editor-base\"\n\t\t\t\n\t\t>\n<div class=\"siteorigin-widget-tinymce textwidget\">\n\t<h5><\/h5>\n<h3>Le persone, prima di tutto<\/h3>\n<h5>Siamo convinti che un ambiente di lavoro giusto, inclusivo e attento alla diversit\u00e0 permetta a tutti di condividere e apprezzare punti di vista unici. Per noi, il vero valore risiede nelle persone, e il segreto del successo \u00e8 trasformare il lavoro in una passione che possa rendere ogni giorno davvero speciale.<\/h5>\n<div class=\"mt-1 flex gap-3 empty:hidden -ml-2\">\n<div class=\"items-center justify-start rounded-xl p-1 flex\">\n<div class=\"flex items-center\">\n<div class=\"flex items-center pb-0\">\n<div class=\"[&amp;_svg]:h-full [&amp;_svg]:w-full icon-md h-4 w-4\"><\/div>\n<\/div>\n<\/div>\n<\/div>\n<\/div>\n<\/div>\n<\/div><\/div><\/div><div id=\"panel-gb13902-69e910fe57c34-4-1-1\" class=\"so-panel widget widget_se-popup-widget panel-last-child\" data-index=\"10\" ><div class=\"gsap-widget-entrance fade-in y bottom panel-widget-style panel-widget-style-for-gb13902-69e910fe57c34-4-1-1\" data-gsap_effect=\"fade-in\" data-gsap_direction=\"y\" data-gsap_amount=\"50\" ><div\n\t\t\t\n\t\t\tclass=\"so-widget-se-popup-widget so-widget-se-popup-widget-base\"\n\t\t\t\n\t\t>\r\n  <div class=\"popup-wrap Array-wrap text-right\">\r\n    <div class=\"popup-parent-css Array-parent-css\">\r\n      <div class=\"popup-css popup Array-popup\">\r\n        <div class=\"popup-wrapper\">\r\n          <div class=\"popup-content\">\r\n            <div class=\"popup-pp-content Array-pp-content\">\r\n                <h4 style=\"text-align: center;\">Curiosit\u00e0<\/h4>\n<h5 style=\"text-align: center;\">Abbiamo integrato nel nostro statuto di Societ\u00e0 Benefit la tutela del lavoro femminile e la valorizzazione del talento individuale, facendo di questi principi una parte essenziale degli obiettivi &#8220;for benefit&#8221; della nostra azienda.<\/h5>\n            <\/div>\r\n          <\/div>\r\n        <\/div>\r\n      <\/div>\r\n    <\/div>\r\n    <div class=\"popup-trigger Array-trigger\">\r\n      <img loading=\"lazy\" decoding=\"async\" src=\"https:\/\/vivi.it\/v2\/wp-content\/uploads\/2022\/11\/vivi-arrow-right.png\" width=\"40\" height=\"40\" \/>    <\/div>\r\n  <\/div>\r\n\r\n  <\/div><\/div><\/div><\/div><\/div><\/div><\/div><div id=\"pg-gb13902-69e910fe57c34-5\"  class=\"panel-grid panel-has-style cell-center cell-center\" ><div class=\"big siteorigin-panels-stretch gsap-row-bg panel-row-style panel-row-style-for-gb13902-69e910fe57c34-5\" data-stretch-type=\"full\" data-gsap-row-bg=\"#c97c84\" ><div class=\"so-panels-full-wrapper\" ><div id=\"pgc-gb13902-69e910fe57c34-5-0\"  class=\"panel-grid-cell\" ><div id=\"panel-gb13902-69e910fe57c34-5-0-0\" class=\"so-panel widget widget_se-stamp-wheel-widget panel-first-child\" data-index=\"11\" ><div\n\t\t\t\n\t\t\tclass=\"so-widget-se-stamp-wheel-widget so-widget-se-stamp-wheel-widget-default-d75171398898-13902\"\n\t\t\t\n\t\t><div class=\"se-stamp-wheel\">\r\n  <div class=\"stamp-wheel-inner\" style=\"background-color: #e5bc55; width: 190px; height: 190px;\">\r\n          <div class=\"stamp-wheel-img\">\r\n                    <img loading=\"lazy\" decoding=\"async\" src=\"https:\/\/vivi.it\/v2\/wp-content\/uploads\/2022\/11\/foglia-vivi-white.png\" width=\"251\" height=\"251\" \/>\r\n              <\/div>\r\n        <svg viewBox=\"0 0 100 100\" width=\"100\" height=\"100\" style=\"fill: #ffffff\">\r\n      <defs>\r\n        <path id=\"circle\"\r\n          d=\"\r\n            M 50, 50\r\n            m -37, 0\r\n            a 37,37 0 1,1 74,0\r\n            a 37,37 0 1,1 -74,0\"\/>\r\n      <\/defs>\r\n      <text font-size=\"9\">\r\n        <textPath xlink:href=\"#circle\">\r\n          UN&#8217;IMPRESA AL FEMMINILE        <\/textPath>\r\n      <\/text>\r\n    <\/svg>\r\n  <\/div>\r\n<\/div>\r\n<\/div><\/div><div id=\"panel-gb13902-69e910fe57c34-5-0-1\" class=\"so-panel widget widget_se-animated-text-widget panel-last-child\" data-index=\"12\" ><div class=\"max-480 autoleft panel-widget-style panel-widget-style-for-gb13902-69e910fe57c34-5-0-1\" ><div\n\t\t\t\n\t\t\tclass=\"so-widget-se-animated-text-widget so-widget-se-animated-text-widget-default-d75171398898-13902\"\n\t\t\t\n\t\t><div class=\"se-animated-text\">\r\n  <div class=\"animated-content texts\">\r\n    <div class=\"animated-text animated-item text a-disappear\">\r\n      <h1>\r\n        GIRL POWER      <\/h1>\r\n      <p><img loading=\"lazy\" decoding=\"async\" class=\"size-full wp-image-113 alignleft\" src=\"https:\/\/vivi.it\/v2\/wp-content\/uploads\/2022\/11\/bcorp-logo-h100.png\" alt=\"\" width=\"69\" height=\"100\" \/><\/p>\n<p>La nostra azienda, fondata e gestita da donne, si distingue per il forte impegno verso la promozione del lavoro femminile. Nei locali VIVI, oltre il 50% dello staff \u00e8 composto da donne provenienti da diverse culture e parti del mondo. Queste professioniste portano con s\u00e9 una ricchezza di creativit\u00e0, talento e dedizione, contribuendo in modo significativo alla qualit\u00e0 del servizio che offriamo.<\/p>\n    <\/div>\r\n    <div class=\"animated-button animated-item text a-disappear text-left\">\r\n      <a class=\"button\" href=\"https:\/\/vivi.it\/v2\/lavora-con-noi\/\">LAVORA CON NOI<\/a>\r\n    <\/div>\r\n  <\/div>\r\n<\/div>\r\n<\/div><\/div><\/div><\/div><div id=\"pgc-gb13902-69e910fe57c34-5-1\"  class=\"panel-grid-cell\" ><div id=\"panel-gb13902-69e910fe57c34-5-1-0\" class=\"so-panel widget widget_se-animated-images-widget panel-first-child panel-last-child\" data-index=\"13\" ><div\n\t\t\t\n\t\t\tclass=\"so-widget-se-animated-images-widget so-widget-se-animated-images-widget-default-d75171398898-13902\"\n\t\t\t\n\t\t><div class=\"se-animated-images\">\r\n  <div class=\"animated-content images\" style=\"height: 680px\">\r\n    \r\n        <div class='animated-item image item-1 a-disappear'>\r\n          <img loading=\"lazy\" decoding=\"async\" alt=\"VIVI &#8211; People - Image 1 of 4\" src=\"https:\/\/vivi.it\/v2\/wp-content\/uploads\/2023\/05\/3BD9DF13-DA7F-49EF-A1C7-284CD42709A1-800x960.jpg\" srcset=\"\" width=\"800\" height=\"960\" \/>        <\/div>\r\n\r\n      \r\n        <div class='animated-item image item-2 a-disappear'>\r\n          <img loading=\"lazy\" decoding=\"async\" alt=\"VIVI &#8211; People - Image 2 of 4\" src=\"https:\/\/vivi.it\/v2\/wp-content\/uploads\/2024\/08\/IMG_5646-800x960.jpg\" srcset=\"\" width=\"800\" height=\"960\" \/>        <\/div>\r\n\r\n      \r\n        <div class='animated-item image item-3 a-disappear'>\r\n          <img loading=\"lazy\" decoding=\"async\" alt=\"VIVI &#8211; People - Image 3 of 4\" src=\"https:\/\/vivi.it\/v2\/wp-content\/uploads\/2024\/08\/IMG_5645-800x960.jpg\" srcset=\"\" width=\"800\" height=\"960\" \/>        <\/div>\r\n\r\n        <\/div>\r\n<\/div>\r\n<\/div><\/div><\/div><\/div><\/div><\/div><\/div>","protected":false},"excerpt":{"rendered":"<p>VIVI People il TEAM ViVi &nbsp; &nbsp; MULTI-CULTURALE Da tutto il mondo FEMMINILE Il 51% dei dipendenti \u00e8 infatti una donna INCLUSIVO Grazie a progetti speciali come Seconda Chance!<\/p>","protected":false},"author":2,"featured_media":0,"parent":0,"menu_order":0,"comment_status":"closed","ping_status":"closed","template":"","meta":{"_acf_changed":false,"footnotes":""},"class_list":["post-13902","page","type-page","status-publish"],"acf":[],"_links":{"self":[{"href":"https:\/\/vivi.it\/en\/wp-json\/wp\/v2\/pages\/13902","targetHints":{"allow":["GET"]}}],"collection":[{"href":"https:\/\/vivi.it\/en\/wp-json\/wp\/v2\/pages"}],"about":[{"href":"https:\/\/vivi.it\/en\/wp-json\/wp\/v2\/types\/page"}],"author":[{"embeddable":true,"href":"https:\/\/vivi.it\/en\/wp-json\/wp\/v2\/users\/2"}],"replies":[{"embeddable":true,"href":"https:\/\/vivi.it\/en\/wp-json\/wp\/v2\/comments?post=13902"}],"version-history":[{"count":8,"href":"https:\/\/vivi.it\/en\/wp-json\/wp\/v2\/pages\/13902\/revisions"}],"predecessor-version":[{"id":14441,"href":"https:\/\/vivi.it\/en\/wp-json\/wp\/v2\/pages\/13902\/revisions\/14441"}],"wp:attachment":[{"href":"https:\/\/vivi.it\/en\/wp-json\/wp\/v2\/media?parent=13902"}],"curies":[{"name":"wp","href":"https:\/\/api.w.org\/{rel}","templated":true}]}}